{"id":145,"date":"2015-10-25T14:21:26","date_gmt":"2015-10-25T13:21:26","guid":{"rendered":"http:\/\/katfin.ue.wroc.pl\/?page_id=145"},"modified":"2016-10-30T23:58:19","modified_gmt":"2016-10-30T22:58:19","slug":"prof-marek-lyszczak","status":"publish","type":"page","link":"https:\/\/katfin.ue.wroc.pl\/index.php\/o-katedrze\/prof-marek-lyszczak\/","title":{"rendered":"\u015b.p. Prof. Marek \u0141yszczak"},"content":{"rendered":"<div><a href=\"http:\/\/katfin.ue.wroc.pl\/wp-content\/uploads\/2015\/10\/swieczka.jpg\"><img loading=\"lazy\" decoding=\"async\" class=\"alignnone size-full wp-image-146\" src=\"http:\/\/katfin.ue.wroc.pl\/wp-content\/uploads\/2015\/10\/swieczka.jpg\" alt=\"swieczka\" width=\"259\" height=\"194\" \/><\/a><\/div>\n<div><\/div>\n<div><\/div>\n<div>Z wielkim \u017calem informujemy, \u017ce 26 pa\u017adziernika 2015 r. po\u017cegnali\u015bmy na zawsze \u015a.p.\u00a0 Profesora Marka \u0141yszczaka.<\/div>\n<div>Przez ostatnie prawie dwadzie\u015bcia lat by\u0142 naszym Prze\u0142o\u017conym, Mentorem, Przyjacielem.<\/div>\n<div>Ca\u0142ej Rodzinie Pana Profesora, a w szczeg\u00f3lno\u015bci \u017bonie i Synom sk\u0142adamy wyrazy g\u0142\u0119bokiego wsp\u00f3\u0142czucia.<\/div>\n<div>\u00a0 \u00a0 \u00a0 \u00a0 \u00a0 \u00a0 \u00a0 \u00a0 \u00a0 \u00a0 \u00a0 \u00a0 \u00a0 \u00a0 \u00a0 \u00a0 \u00a0 \u00a0 \u00a0 \u00a0 \u00a0 \u00a0 \u00a0 \u00a0 \u00a0 \u00a0 \u00a0 \u00a0 \u00a0 \u00a0 \u00a0 \u00a0 \u00a0 \u00a0 \u00a0 \u00a0 \u00a0 \u00a0 \u00a0 \u00a0 \u00a0 \u00a0<em>Pracownicy Katedry Finans\u00f3w<\/em><\/div>\n<div><\/div>\n<div><\/div>\n<div><\/div>\n<div><a href=\"http:\/\/katfin.ue.wroc.pl\/wp-content\/uploads\/2015\/10\/resized_800x266_proflyszczak.jpg\"><img loading=\"lazy\" decoding=\"async\" src=\"http:\/\/katfin.ue.wroc.pl\/wp-content\/uploads\/2015\/10\/resized_800x266_proflyszczak.jpg\" alt=\"_resized_800x266_proflyszczak\" width=\"800\" height=\"266\" \/><\/a><\/div>\n<div><\/div>\n<div>Link do strony na www.ue.wroc.pl: <a title=\"Wiadomo\u015b\u0107 o \u015bmierci i uroczysto\u015bciach pogrzebowych\" href=\"http:\/\/www.ue.wroc.pl\/aktualnosci\/9278\/zmarl_prof_marek_lyszczak.html#.VmH_SNXqhBc\" target=\"_blank\">&#8211;&gt;<\/a><\/div>\n<div><\/div>\n<div>List od dr Sylwii Wrony, Prodziekan Wydzia\u0142u Nauk Ekonomicznych:<\/div>\n<div><span style=\"font-family: Calibri;\"><b>Szanowni Pa\u0144stwo<\/b>,<\/span><\/div>\n<div dir=\"ltr\">\n<div>\n<p><span style=\"font-family: Calibri;\">z\u00a0g\u0142\u0119bokim \u017calem \u017cegnamy naszego Dziekana<\/span><\/p>\n<p><span style=\"font-family: Calibri;\"><b>Profesora Marka \u0141yszczaka<\/b>.<\/span><\/p>\n<p><span style=\"font-family: Calibri;\">Odszed\u0142 od nas<\/span><\/p>\n<p><span style=\"font-family: Calibri;\">Cz\u0142owiek ogromnie pracowity,<br \/>\nCz\u0142owiek otwarty, \u017cyczliwy, serdeczny,<br \/>\nCz\u0142owiek spokojny, wywa\u017cony.<\/span><\/p>\n<p><span style=\"font-family: Calibri;\">By\u0142 szanowanym i cenionym nauczycielem, wychowawc\u0105, promotorem. Ch\u0119tnie dzieli\u0142 si\u0119 swoj\u0105 wiedz\u0105 i do\u015bwiadczeniem. Stwarza\u0142 mo\u017cliwo\u015bci, wskazywa\u0142 kierunki, motywowa\u0142 do dzia\u0142ania.<br \/>\nOtacza\u0142 trosk\u0105 nasz Wydzia\u0142 i ca\u0142\u0105 Uczelni\u0119. Dba\u0142 o jej bezpieczny rozw\u00f3j.<\/span><\/p>\n<p><span style=\"font-family: Calibri;\">Profesor zaj\u0105\u0142 w naszych sercach wa\u017cne miejsce i tam pozostanie \u2013 jako osoba niezwykle ciep\u0142a,<br \/>\ndla kt\u00f3rej liczy\u0142 si\u0119 drugi cz\u0142owiek.<\/span><\/p>\n<p><span style=\"font-family: Calibri;\">Takim Go zapami\u0119tamy\u2026\u00a0<\/span><\/p>\n<p><span style=\"font-family: Calibri;\">Uroczysto\u015bci pogrzebowe odb\u0119d\u0105 si\u0119 w poniedzia\u0142ek 26 pa\u017adziernika 2015 roku.\u00a0w Kaplicy Cmentarnej w Bielanach Wroc\u0142awskich na ul. Kwiatowej 35.<\/span><\/p>\n<p>&nbsp;<\/p>\n<p><span style=\"font-family: Calibri;\">\u017ba\u0142obne posiedzenie Senatu Uniwersytetu Ekonomicznego we Wroc\u0142awiu odb\u0119dzie si\u0119 26 pa\u017adziernika 2015 roku o godz. 9:00 w sali 214, bud A.<\/span><\/p>\n<p><span style=\"font-family: Calibri;\">O godzinie 10:00\/10:15 na terenie uczelni zostan\u0105 podstawione autokary, kt\u00f3re zawioz\u0105 \u017ca\u0142obnik\u00f3w na miejsce uroczysto\u015bci pogrzebowych.<\/span><\/p>\n<div><\/div>\n<div><\/div>\n<div><span style=\"font-family: 'Monotype Corsiva';\">z wyrazami szacunku<\/span><\/div>\n<div><span style=\"font-family: 'Monotype Corsiva';\"><br \/>\n<span style=\"color: #000000; font-family: 'Monotype Corsiva'; font-size: large;\"><strong>Prodziekani Wydzia\u0142u oraz Pracownicy Dziekanatu<\/strong><\/span><\/span><\/div>\n<div><\/div>\n<div><a href=\"http:\/\/katfin.ue.wroc.pl\/wp-content\/uploads\/2013\/10\/M\u0141yszczak01.jpg\"><img loading=\"lazy\" decoding=\"async\" class=\"alignnone size-full wp-image-155\" src=\"http:\/\/katfin.ue.wroc.pl\/wp-content\/uploads\/2013\/10\/M\u0141yszczak01.jpg\" alt=\"M\u0141yszczak01\" width=\"741\" height=\"899\" srcset=\"https:\/\/katfin.ue.wroc.pl\/wp-content\/uploads\/2013\/10\/M\u0141yszczak01.jpg 741w, https:\/\/katfin.ue.wroc.pl\/wp-content\/uploads\/2013\/10\/M\u0141yszczak01-247x300.jpg 247w\" sizes=\"auto, (max-width: 741px) 100vw, 741px\" \/><\/a><\/div>\n<div><a href=\"http:\/\/katfin.ue.wroc.pl\/wp-content\/uploads\/2015\/10\/resized_850x593_marek_lyszczak.jpg\"><img loading=\"lazy\" decoding=\"async\" class=\"alignnone size-full wp-image-150\" src=\"http:\/\/katfin.ue.wroc.pl\/wp-content\/uploads\/2015\/10\/resized_850x593_marek_lyszczak.jpg\" alt=\"_resized_850x593_marek_lyszczak\" width=\"850\" height=\"593\" srcset=\"https:\/\/katfin.ue.wroc.pl\/wp-content\/uploads\/2015\/10\/resized_850x593_marek_lyszczak.jpg 850w, https:\/\/katfin.ue.wroc.pl\/wp-content\/uploads\/2015\/10\/resized_850x593_marek_lyszczak-300x209.jpg 300w\" sizes=\"auto, (max-width: 850px) 100vw, 850px\" \/><\/a><\/div>\n<\/div>\n<\/div>\n","protected":false},"excerpt":{"rendered":"<p>Z wielkim \u017calem informujemy, \u017ce 26 pa\u017adziernika 2015 r. po\u017cegnali\u015bmy na zawsze \u015a.p.\u00a0 Profesora Marka \u0141yszczaka. Przez ostatnie prawie dwadzie\u015bcia lat by\u0142 naszym Prze\u0142o\u017conym, Mentorem, Przyjacielem. Ca\u0142ej Rodzinie Pana Profesora, a w szczeg\u00f3lno\u015bci \u017bonie i Synom sk\u0142adamy wyrazy g\u0142\u0119bokiego wsp\u00f3\u0142czucia. \u00a0 \u00a0 \u00a0 \u00a0 \u00a0 \u00a0 \u00a0 \u00a0 \u00a0 \u00a0 \u00a0 \u00a0 \u00a0 \u00a0 \u00a0 [&hellip;]<\/p>\n","protected":false},"author":1,"featured_media":0,"parent":10,"menu_order":4,"comment_status":"closed","ping_status":"closed","template":"","meta":{"footnotes":""},"class_list":["post-145","page","type-page","status-publish","hentry"],"_links":{"self":[{"href":"https:\/\/katfin.ue.wroc.pl\/index.php\/wp-json\/wp\/v2\/pages\/145","targetHints":{"allow":["GET"]}}],"collection":[{"href":"https:\/\/katfin.ue.wroc.pl\/index.php\/wp-json\/wp\/v2\/pages"}],"about":[{"href":"https:\/\/katfin.ue.wroc.pl\/index.php\/wp-json\/wp\/v2\/types\/page"}],"author":[{"embeddable":true,"href":"https:\/\/katfin.ue.wroc.pl\/index.php\/wp-json\/wp\/v2\/users\/1"}],"replies":[{"embeddable":true,"href":"https:\/\/katfin.ue.wroc.pl\/index.php\/wp-json\/wp\/v2\/comments?post=145"}],"version-history":[{"count":7,"href":"https:\/\/katfin.ue.wroc.pl\/index.php\/wp-json\/wp\/v2\/pages\/145\/revisions"}],"predecessor-version":[{"id":459,"href":"https:\/\/katfin.ue.wroc.pl\/index.php\/wp-json\/wp\/v2\/pages\/145\/revisions\/459"}],"up":[{"embeddable":true,"href":"https:\/\/katfin.ue.wroc.pl\/index.php\/wp-json\/wp\/v2\/pages\/10"}],"wp:attachment":[{"href":"https:\/\/katfin.ue.wroc.pl\/index.php\/wp-json\/wp\/v2\/media?parent=145"}],"curies":[{"name":"wp","href":"https:\/\/api.w.org\/{rel}","templated":true}]}}