{"id":14,"date":"2013-10-20T20:42:54","date_gmt":"2013-10-20T18:42:54","guid":{"rendered":"http:\/\/katfin.ue.wroc.pl\/?page_id=14"},"modified":"2017-12-20T23:52:23","modified_gmt":"2017-12-20T22:52:23","slug":"informacje-dla-studentow","status":"publish","type":"page","link":"https:\/\/katfin.ue.wroc.pl\/index.php\/informacje-dla-studentow\/","title":{"rendered":"Oferta edukacyjna"},"content":{"rendered":"<p>Oferta edukacyjna &#8211; opis kierunku &#8222;Finanse i rachunkowo\u015b\u0107 &#8211;&gt;<a href=\"http:\/\/www.ue.wroc.pl\/wydzial_ne\/3707\/kierunek_finanse_i_rachunkowosc.html\" target=\"_blank\" rel=\"noopener\">link<\/a><\/p>\n<p>Oferta specjalno\u015bci na kierunku\u00a0Finanse i Rachunkowo\u015b\u0107\u00a0na I. stopniu (prezentacja) &#8211;&gt; <a title=\"Oferta specjalno\u015bci I st\" href=\"http:\/\/www.ue.wroc.pl\/p\/wydzialy\/ne\/WNE_2015\/fir___wybory_specjalnosci__studia_i_stopnia__2015_2016.pdf\" target=\"_blank\" rel=\"noopener\">link<\/a><\/p>\n<p>Oferta specjalno\u015bci na kierunku\u00a0Finanse i Rachunkowo\u015b\u0107 na II stopniu (prezentacja) &#8211;&gt; <a title=\"Oferta specjalno\u015bci II st\" href=\"http:\/\/www.ue.wroc.pl\/p\/wydzialy\/ne\/FIR___specjalno__ci_II_stopie___2013_2014.pdf\" target=\"_blank\" rel=\"noopener\">link<\/a><\/p>\n<p>Prezentacja oferty promotor\u00f3w na kierunku Finanse i Rachunkowo\u015b\u0107 &#8211;&gt; <a title=\"Promotorzy\" href=\"http:\/\/www.ue.wroc.pl\/p\/wydzialy\/ne\/WNE_2015\/fir___wybory_promotorow_prac_dyplomowych_i_magisterskich_2015_2016.pdf\" target=\"_blank\" rel=\"noopener\">link<\/a><\/p>\n<p>*****************************************************************************************<\/p>\n<p>Pracownicy Katedry Finans\u00f3w przygotowali szereg szkole\u0144 i studi\u00f3w podyplomowych.<\/p>\n<p><strong>Studia Podyplomowe:<\/strong><\/p>\n<ul>\n<li><a title=\"Oferta studi\u00f3w podyplomowych\" href=\"http:\/\/www.podyplomowe.ue.wroc.pl\/studia.html\" target=\"_blank\" rel=\"noopener\">Finanse i bankowo\u015b\u0107 (ponad 30 zrealizowanych edycji)<\/a><\/li>\n<li><a href=\"http:\/\/www.podyplomowe.ue.wroc.pl\/studia.html\" target=\"_blank\" rel=\"noopener\">Dyrektor finansowy (Nowo\u015b\u0107!)<\/a><\/li>\n<li><a title=\"Oferta studi\u00f3w podyplomowych\" href=\"http:\/\/www.podyplomowe.ue.wroc.pl\/studia.html\" target=\"_blank\" rel=\"noopener\">Zarz\u0105dzanie finansami przedsi\u0119biorstwa<\/a><\/li>\n<li><a href=\"http:\/\/www.podyplomowe.ue.wroc.pl\/studia.html\" target=\"_blank\" rel=\"noopener\">Zarz\u0105dzanie finansami w ochronie zdrowia (ponad 20 zrealizowanych edycji)<\/a><\/li>\n<li><a title=\"Oferta Studi\u00f3w Podyplomowych\" href=\"http:\/\/www.podyplomowe.ue.wroc.pl\/studia.html\" target=\"_blank\" rel=\"noopener\">Studia podyplomowe dla Kandydat\u00f3w na Doradc\u00f3w Podatkowych (3 edycja)<br \/>\n<\/a><\/li>\n<li><a title=\"Oferta Studi\u00f3w Podyplomowych\" href=\"http:\/\/www.podyplomowe.ue.wroc.pl\/studia.html\" target=\"_blank\" rel=\"noopener\">Studia podyplomowe &#8222;Zarz\u0105dzanie warto\u015bci\u0105<br \/>\n<\/a><\/li>\n<\/ul>\n<p>Aktualna oferta znajduje si\u0119 si\u0119 na stronie <a href=\"http:\/\/www.podyplomowe.ue.wroc.pl\/studia.html\" target=\"_blank\" rel=\"noopener\">podyplomowe.ue.wroc.pl<\/a><\/p>\n<p><strong>Szkolenia<\/strong><\/p>\n<ul>\n<li><a href=\"http:\/\/www.szkolenia.ue.wroc.pl\/szkolenia.html?a[]=6\" target=\"_blank\" rel=\"noopener\">Analiza finansowa przedsi\u0119biorstwa (warsztaty praktyczne)<\/a><\/li>\n<li><a href=\"http:\/\/www.szkolenia.ue.wroc.pl\/szkolenia.html?a[]=6\" target=\"_blank\" rel=\"noopener\">Excel w finansach<\/a><\/li>\n<li><a href=\"http:\/\/www.szkolenia.ue.wroc.pl\/szkolenia.html?a[]=6\" target=\"_blank\" rel=\"noopener\">O finansach domowych dla NIEfinansist\u00f3w \u2013 nie dopuszczaj do pustki w portfelu!<\/a><\/li>\n<li><a href=\"http:\/\/www.szkolenia.ue.wroc.pl\/szkolenia.html?a[]=6\" target=\"_blank\" rel=\"noopener\">P\u0142atno\u015bci elektroniczne i mobilne \u2013 strategie, szanse, rynek<\/a><\/li>\n<li><a href=\"http:\/\/www.szkolenia.ue.wroc.pl\/szkolenia.html?a[]=6\" target=\"_blank\" rel=\"noopener\">Przekszta\u0142cenia i restrukturyzacja przedsi\u0119biorstw<\/a><\/li>\n<li><a href=\"http:\/\/www.szkolenia.ue.wroc.pl\/szkolenia.html?a[]=6\" target=\"_blank\" rel=\"noopener\">Rynek walutowy i jego instrumenty<\/a><\/li>\n<li><a href=\"http:\/\/www.szkolenia.ue.wroc.pl\/szkolenia.html?a[]=6\" target=\"_blank\" rel=\"noopener\">Umowy i faktury w obrocie gospodarczym<\/a><\/li>\n<li><a href=\"http:\/\/www.szkolenia.ue.wroc.pl\/szkolenia.html?a[]=6\" target=\"_blank\" rel=\"noopener\">Venture capital i private equity jako forma finansowania dzia\u0142alno\u015bci gospodarczej<\/a><\/li>\n<li><a href=\"http:\/\/www.szkolenia.ue.wroc.pl\/szkolenia.html?a[]=6\" target=\"_blank\" rel=\"noopener\">Windykacja i zarz\u0105dzanie wierzytelno\u015bciami \u2013 aspekty prawne i finansowe<\/a><\/li>\n<li><a href=\"http:\/\/www.szkolenia.ue.wroc.pl\/szkolenia.html?a[]=6\" target=\"_blank\" rel=\"noopener\">Zmiany w podatku VAT oraz podatkach dochodowych od 2014 roku<\/a><\/li>\n<\/ul>\n<p>Aktualna oferta szkole\u0144\u00a0znajduje si\u0119 si\u0119 na stronie<\/p>\n<ul>\n<li><a href=\"http:\/\/www.szkolenia.ue.wroc.pl\/obszar\/117,6,finanse.html\" target=\"_blank\" rel=\"noopener\">link<\/a>\u00a0z finans\u00f3w,<\/li>\n<li><a href=\"http:\/\/www.szkolenia.ue.wroc.pl\/obszar\/117,22,podatki.html\" target=\"_blank\" rel=\"noopener\">link<\/a> z podatk\u00f3w,<\/li>\n<li><a href=\"http:\/\/www.szkolenia.ue.wroc.pl\/obszar\/117,5,rachunkowosc-i-controlling.html\" target=\"_blank\" rel=\"noopener\">link<\/a> z rachunkowo\u015bci.<\/li>\n<\/ul>\n<p>&nbsp;<\/p>\n","protected":false},"excerpt":{"rendered":"<p>Oferta edukacyjna &#8211; opis kierunku &#8222;Finanse i rachunkowo\u015b\u0107 &#8211;&gt;link Oferta specjalno\u015bci na kierunku\u00a0Finanse i Rachunkowo\u015b\u0107\u00a0na I. stopniu (prezentacja) &#8211;&gt; link Oferta specjalno\u015bci na kierunku\u00a0Finanse i Rachunkowo\u015b\u0107 na II stopniu (prezentacja) &#8211;&gt; link Prezentacja oferty promotor\u00f3w na kierunku Finanse i Rachunkowo\u015b\u0107 &#8211;&gt; link ***************************************************************************************** Pracownicy Katedry Finans\u00f3w przygotowali szereg szkole\u0144 i studi\u00f3w podyplomowych. Studia Podyplomowe: Finanse [&hellip;]<\/p>\n","protected":false},"author":1,"featured_media":0,"parent":0,"menu_order":3,"comment_status":"closed","ping_status":"closed","template":"","meta":{"footnotes":""},"class_list":["post-14","page","type-page","status-publish","hentry"],"_links":{"self":[{"href":"https:\/\/katfin.ue.wroc.pl\/index.php\/wp-json\/wp\/v2\/pages\/14","targetHints":{"allow":["GET"]}}],"collection":[{"href":"https:\/\/katfin.ue.wroc.pl\/index.php\/wp-json\/wp\/v2\/pages"}],"about":[{"href":"https:\/\/katfin.ue.wroc.pl\/index.php\/wp-json\/wp\/v2\/types\/page"}],"author":[{"embeddable":true,"href":"https:\/\/katfin.ue.wroc.pl\/index.php\/wp-json\/wp\/v2\/users\/1"}],"replies":[{"embeddable":true,"href":"https:\/\/katfin.ue.wroc.pl\/index.php\/wp-json\/wp\/v2\/comments?post=14"}],"version-history":[{"count":8,"href":"https:\/\/katfin.ue.wroc.pl\/index.php\/wp-json\/wp\/v2\/pages\/14\/revisions"}],"predecessor-version":[{"id":1266,"href":"https:\/\/katfin.ue.wroc.pl\/index.php\/wp-json\/wp\/v2\/pages\/14\/revisions\/1266"}],"wp:attachment":[{"href":"https:\/\/katfin.ue.wroc.pl\/index.php\/wp-json\/wp\/v2\/media?parent=14"}],"curies":[{"name":"wp","href":"https:\/\/api.w.org\/{rel}","templated":true}]}}