{"id":1312,"date":"2018-03-06T18:48:57","date_gmt":"2018-03-06T17:48:57","guid":{"rendered":"http:\/\/katfin.ue.wroc.pl\/?page_id=1312"},"modified":"2025-08-15T23:06:17","modified_gmt":"2025-08-15T21:06:17","slug":"dyrektor-finansowy","status":"publish","type":"page","link":"https:\/\/katfin.ue.wroc.pl\/index.php\/informacje-dla-studentow\/studia-podyplomowe\/dyrektor-finansowy\/","title":{"rendered":"Dyrektor Finansowy"},"content":{"rendered":"<p><a href=\"https:\/\/www.podyplomowe.ue.wroc.pl\/114,2366,dyrektor_finansowy.html\">Link do zapis\u00f3w na ed. VIII<\/a><\/p>\n<p>W dzisiejszym wysoce konkurencyjnym i mocno nieprzewidywalnym \u015bwiecie biznesu rol\u0105\u00a0<strong>menad\u017cera finansowego (dyrektora finansowego)<\/strong>\u00a0jest przede wszystkim:<\/p>\n<ul>\n<li>zapewni\u0107 dost\u0119p do\u00a0<strong>kapita\u0142\u00f3w<\/strong>, zachowuj\u0105c odpowiednie relacje mi\u0119dzy kapita\u0142em w\u0142asnym i obcym, oraz korzystj\u0105c z dost\u0119pu do rynku prywatnego, bankowego i gie\u0142dowego;<\/li>\n<li>monitorowa\u0107 osi\u0105ganie z dzia\u0142alno\u015bci operacyjnej i inwestycji odpowiednio wysokiej\u00a0<strong>stopy zwrotu<\/strong>, aby ostatecznie w d\u0142ugim okresie\u00a0<strong>zwi\u0119ksza\u0107 warto\u015b\u0107 firmy<\/strong>,<\/li>\n<li>identyfikowa\u0107 i zarz\u0105dza\u0107\u00a0<strong>ryzykiem<\/strong>.<\/li>\n<\/ul>\n<p><strong>Dyrektor finansowy<\/strong>\u00a0to coraz mniej pozyskuj\u0105cy fundusze na rynkach prywatnych, a coraz bardziej sprzedaj\u0105cy papiery warto\u015bciowe zewn\u0119trznym inwestorom, kreuj\u0105cy warto\u015b\u0107 tych instrument\u00f3w finansowych poprzez optymalizacj\u0119 po\u0142\u0105czenie efekt\u00f3w (zwrotu dla inwestor\u00f3w) z ryzykiem.<\/p>\n<p>Druga rola jest niewdzi\u0119czna. Dyrektor finansowy to tzw.\u00a0<strong><a title=\"cz\u0142owiek psuj\u0105cy zabaw\u0119\" href=\"https:\/\/dictionary.cambridge.org\/dictionary\/english\/party-pooper\">party pooper<\/a>,\u00a0<a title=\"\u015awietna ksi\u0105\u017cka z finans\u00f3w!!!\" href=\"http:\/\/vernimmen.com\/\">Mr. No<\/a><\/strong>, kt\u00f3ry pilnuje wykonania bud\u017cet\u00f3w, jednocze\u015bnie realizuj\u0105c ambitne cele finansowe.<\/p>\n<p>W ostatniej roli, Dyrektor Finansowy powinien zapewni\u0107, aby wyniki osi\u0105gane z dzia\u0142alno\u015bci operacyjnej (podstawowej, core business) nie by\u0142y niszczone przez decyzje finansowe.<\/p>\n<p>W proponowanych tu Studiach Podyplomowych staramy si\u0119 pokry\u0107 wszystkie trzy obszary. A na koniec (a raczej zwykle na pierwszych zaj\u0119ciach) wi\u0119dz\u0119 eksperck\u0105 uzupe\u0142niamy kompetencjami mi\u0119kkimi.<\/p>\n<p>Wyk\u0142adowcy to doskonali finan\u015bci\u015bci. Osoby z du\u017cym baga\u017cem do\u015bwiadcze\u0144, ale te\u017c sprawdzeni trenerzy. \u015awietny zesp\u00f3\u0142, mocno zmotywowany, \u017ceby bazuj\u0105c przede wszystkim na analizach przypadk\u00f3w, wprowadzi\u0107 Pa\u0144stwa w \u015bwiat dyrektora finansowego!<\/p>\n<p>Poni\u017cej znajd\u0105 Pa\u0144stwo informacje m.in.:<\/p>\n<ul>\n<li>o blokach tematycznych\/przedmiotach,<\/li>\n<li>osobach, kt\u00f3re poprowadz\u0105 zaj\u0119cia,<\/li>\n<li>warunkach formalnych\/ informacjach organizacyjnych.<\/li>\n<\/ul>\n<p><strong>Cel studi\u00f3w<\/strong>:<br \/>\nw skondensowanej i kompleksowej formie przekazanie wiedzy o narz\u0119dziach stosowanych w zarz\u0105dzaniu finansami przedsi\u0119biorstw, wykorzystuj\u0105cych wiedz\u0119 z finans\u00f3w, rachunkowo\u015bci oraz skarbowo\u015bci (zarz\u0105dzanie podatkami).<\/p>\n<p><strong>Forma:<\/strong><br \/>\nW trakcie zaj\u0119\u0107 b\u0119dziemy korzysta\u0107 z arkusza kalkulacyjnego MS Excel. Zdecydowana wi\u0119kszo\u015b\u0107 zaj\u0119\u0107 b\u0119dzie mie\u0107 charakter analiz przypadk\u00f3w lub symulacji rzeczywistych sytuacji z praktyki.<\/p>\n<h3>Adresaci<\/h3>\n<p><strong>Grupa docelowa:<\/strong> format studi\u00f3w zosta\u0142 opracowany na potrzeby os\u00f3b pracuj\u0105cych w przedsi\u0119biorstwach niefinansowych w:<\/p>\n<ul>\n<li>dzia\u0142ach ksi\u0119gowo\u015bci,<\/li>\n<li>dzia\u0142ach finans\u00f3w,<\/li>\n<li>dzia\u0142ach kontrolingu<\/li>\n<li>lub w bankach, firmach leasingowych, faktoringowych, windykacyjnych itp., kieruj\u0105cych ofert\u0119 produkt\u00f3w finansowych do przedsi\u0119biorstw niefinansowych<\/li>\n<\/ul>\n<p>Od s\u0142uchaczy oczekuj\u0119 si\u0119, \u017ce b\u0119d\u0105 posiada\u0107 do\u015bwiadczenie zawodowe co najmniej roczne w obszarze rachunkowo\u015bci, ksi\u0119gowo\u015bci, controllingu, finans\u00f3w, bankowo\u015bci korporacyjnej itp. Nie jest to warunek przyj\u0119cia na studia, lecz warunek wskazany do efektywnego studiowania.<\/p>\n<h3>Czas trwania i liczba godzin<\/h3>\n<p>2 semestry, 176 godz.<\/p>\n<h3>Program studi\u00f3w (ostateczny program na stronach poszczeg\u00f3lnych edycji):<\/h3>\n<p>zawsze aktualny program na stronie studi\u00f3w. program doskonalimy po uwagach uczestnik\u00f3w i trener\u00f3w.<\/p>\n<h3>Warunki i spos\u00f3b zaliczenia studi\u00f3w<\/h3>\n<p>Studia ko\u0144cz\u0105 si\u0119 egzaminem ko\u0144cowym. Z ka\u017cdego bloku zaj\u0119\u0107 S\u0142uchacze otrzymuj\u0105 wykaz pyta\u0144 pomocniczych, poprzez kt\u00f3re prowadz\u0105cy zwracaj\u0105 uwag\u0119 na najbardziej istotn\u0105 wiedz\u0119, umiej\u0119tno\u015bci i kompetencje. Egzamin jest ustny.<\/p>\n<h3>Organizacja studi\u00f3w<\/h3>\n<p>Pozosta\u0142e informacje organizacyjne:<\/p>\n<ul>\n<li>studia trwaj\u0105 2 semestry,<\/li>\n<li>zjazdy s\u0105 z regu\u0142y co 2 tygodnie, w soboty i w niedziele;<\/li>\n<li>zaj\u0119cia zazwyczaj trwaj\u0105 od 9 do 16:00 w blokach (2h dydaktyczne + 15 min. przerwa + 2h dydaktyczne + 30 min przerwa + 2h dydaktyczne + 15 min. przerwa + 2h dydaktyczne).<\/li>\n<li>studia ko\u0144cz\u0105 si\u0119 egzaminem dyplomowym,<\/li>\n<li>Uczestnicy Studium mog\u0105 korzysta\u0107 z zasob\u00f3w czytelni czasopism i czytelni g\u0142\u00f3wnej oraz biblioteki Uniwersytetu Ekonomicznego,<\/li>\n<li>na wybrane laboratoria komputerowe (wskazane dni zjazd\u00f3w) s\u0142uchacze b\u0119d\u0105 proszeni o zabranie swoich laptop\u00f3w na warsztaty komputerowe.<\/li>\n<\/ul>\n<h3>Kadra dydaktyczna<\/h3>\n<p>W roli wyk\u0142adowc\u00f3w w wi\u0119kszo\u015bci zapraszane s\u0105 osoby spoza UE, praktycy z du\u017cym do\u015bwiadczeniem praktycznym i wiedz\u0105 teoretyczn\u0105. Cz\u0119\u015b\u0107 wyk\u0142adowc\u00f3w to pracownicy Katedry Finans\u00f3w Uniwersytetu Ekonomicznego we Wroc\u0142awiu, r\u00f3wnocze\u015bnie w wi\u0119kszo\u015bci do\u015bwiadczeni trenerzy i konsultanci, \u0142\u0105cz\u0105cy pasje naukowe z praktyczn\u0105 znajomo\u015bci\u0105 zagadnie\u0144.<\/p>\n<p><strong>Maciej Bednarski<\/strong>\u00a0&#8211; obszar: sprawozdawczo\u015b\u0107 finansowa, wsp\u00f3\u0142praca z bieg\u0142ym rewidentem, kreowanie obrazu finansowego firmy<\/p>\n<blockquote><p>Zagadnienia: sprawozdawczo\u015b\u0107 finansowa, wsp\u00f3\u0142praca z bieg\u0142ym rewidentem, kreowanie obrazu finansowego firmy<\/p>\n<p>Przez 10 lat manager procesu R2R (Record to Report) w jednej z wroc\u0142awskich firm typu Business Process Outsourcing. Odpowiedzialny za ca\u0142o\u015b\u0107 proces\u00f3w R2R, sprawozdawczo\u015b\u0107 finansow\u0105 i konsolidacj\u0119 dla trzech Grup Kapita\u0142owych notowanych na GPW o \u0142\u0105cznych obrotach w wysoko\u015bci 3 mld PLN i ok. 100 jednostek gospodarczych.<\/p>\n<p>Do\u015bwiadczony praktyk we wdra\u017caniu MSSF dla klient\u00f3w (w tym realizacja z\u0142o\u017conych transakcji po\u0142\u0105czenia jednostek, IPO i doradztwo ad hoc dla CFO), rozwoju i standaryzacji zasad rachunkowo\u015bci. Reprezentuj\u0105cy CFO w kontaktach z zewn\u0119trznymi audytorami, w tym tak\u017ce odpowiedzialny za proces wyboru audytor\u00f3w. Odpowiada\u0142 za \u015bcis\u0142\u0105 wsp\u00f3\u0142prac\u0119 z dzia\u0142ami finansowymi i relacjami inwestorskimi klient\u00f3w w zakresie przygotowania odpowiedzi na zapytania od bank\u00f3w i inwestor\u00f3w. Od 2018 roku zarz\u0105dza ca\u0142ym obszarem finans\u00f3w w grupie RST (software house w Wroc\u0142awiu) oraz w SmartLunch.<\/p>\n<p>.<\/p><\/blockquote>\n<p><strong>dr Krzysztof Biernacki<\/strong>\u00a0&#8211; przedmioty zwi\u0105zane z zarz\u0105dzaniem podatkami<\/p>\n<p>&nbsp;<\/p>\n<blockquote><p>Zagadnienia: tematy zwi\u0105zane z zarz\u0105dzaniem podatkami<\/p>\n<p>Absolwent Uniwersytetu Ekonomicznego we Wroc\u0142awiu (mgr finans\u00f3w) oraz Uniwersytetu Wroc\u0142awskiego (mgr prawa), doktor nauk ekonomicznych, doradca podatkowy. Obecnie \u0142\u0105czy prac\u0119 naukow\u0105 z praktyk\u0105 doradcz\u0105 dla przedsi\u0119biorc\u00f3w w zakresie obs\u0142ugi podatkowej, prawa handlowego oraz rynku kapita\u0142owego.<\/p>\n<p>Specjalizuje si\u0119 w transakcjach przekszta\u0142ce\u0144 przedsi\u0119biorstw, w tym restrukturyzacji firm, sukcesji przedsi\u0119biorstw rodzinnych oraz rozlicze\u0144 pomi\u0119dzy podmiotami powi\u0105zanymi. Autor licznych publikacji w czasopismach og\u00f3lnopolskich oraz specjalistycznych z zakresu opodatkowania oraz zarz\u0105dzania finansami przedsi\u0119biorstw. Wyk\u0142adowca oraz trener na seminariach i warsztatach po\u015bwi\u0119conych zagadnieniom prawa podatkowego i zarz\u0105dzania finansami przedsi\u0119biorstw. Tw\u00f3rca i g\u0142\u00f3wny trener na Studiach Podyplomowych Doradztwo Podatkowe (wcze\u015bniej SP dla kandydat\u00f3w na doradc\u00f3w podatkowych).<\/p>\n<p>&nbsp;<\/p>\n<p><span style=\"font-size: medium;\"><strong>Lucjan Gawe\u0142<\/strong><\/span><\/p>\n<p><span style=\"font-size: medium;\">Zagadnienia: wsp\u00f3\u0142praca przedsi\u0119biorstwa z bankiem<\/span><\/p>\n<p><span style=\"font-size: medium;\">Od 2008 r. zwi\u0105zany z bankowo\u015bci\u0105 korporacyjn\u0105, szczeg\u00f3lnie w obszarze obs\u0142ugi \u015brednich i du\u017cych przedsi\u0119biorstw. Obecnie pracuje jako dyrektor ds. klient\u00f3w korporacyjnych w jednym z wiod\u0105cych bank\u00f3w. Specjalizuje si\u0119 w udzielaniu finansowania i opracowywaniu struktur finansowania zaspokajaj\u0105cych oczekiwania klient\u00f3w z jednoczesn\u0105 odpowiedzialno\u015bci\u0105 za jako\u015b\u0107 portfela udzielonych kredyt\u00f3w.<\/span><\/p>\n<p><span style=\"font-size: medium;\"><strong><br \/>\nKrzysztof G\u00f3rka<\/strong><\/span><\/p>\n<p>Zagadnienia: \u017ar\u00f3d\u0142a finansowania (pozyskiwanie kapita\u0142u na rynkach prywatnych i publicznych)<\/p>\n<p><span style=\"font-size: medium;\">Absolwent studi\u00f3w doktoranckich w Katedrze Finans\u00f3w na Wydziale Nauk Ekonomicznych naszej uczelni, wcze\u015bniej absolwent studi\u00f3w magisterskich ze specjalizacj\u0105 Finanse i Rachunkowo\u015b\u0107 Sp\u00f3\u0142ek. Inwestor, koordynator i doradca w ponad 100 transakcjach finansowania oraz kapita\u0142owych o \u0142\u0105cznej warto\u015bci ponad 100 mln z\u0142, obejmuj\u0105cych m.in. pozyskiwanie finansowania, przej\u0119cia, wykupy, inwestycje PE i VC, emisje papier\u00f3w warto\u015bciowych, debiuty gie\u0142dowe (IPO), transakcje sekurytyzacyjne.<\/span><\/p>\n<p><span style=\"font-size: medium;\">Od 2019 r. prezes zarz\u0105du funduszu venture capital DFR Inwestycyjny Sp. z o.o. o kapitalizacji 25 mln z\u0142.<\/span><\/p>\n<p><span style=\"font-size: medium;\">W latach 2016 &#8211; 2018 Wiceprezes Zarz\u0105du Auxilia S.A. &#8211; sp\u00f3\u0142ki gie\u0142dowej z bran\u017cy us\u0142ug prawno-finansowych.<\/span><\/p>\n<p><span style=\"font-size: medium;\">W latach 2014 \u2013 2019 Prezes Zarz\u0105du MADE Corporate Finance Sp. z o.o. &#8211; butiku doradztwa transakcji fuzji i przej\u0119\u0107.<\/span><\/p>\n<p><span style=\"font-size: medium;\">W latach 2013-2014 Prezes Zarz\u0105du Blue Oak Advisory Sp. z o.o. \u2013 Autoryzowanego Doradcy rynk\u00f3w NewConnect i Catalyst.<\/span><\/p>\n<p><span style=\"font-size: medium;\">W latach 2010 \u2013 2013 dyrektor zarz\u0105dzaj\u0105cy Certus Capital Sp. z o.o. \u2013 firmy doradztwa transakcyjnego na rynku gie\u0142dowym i pozagie\u0142dowym.<\/span><\/p>\n<p><span style=\"font-size: medium;\">W latach 2008 &#8211; 2009 pracowa\u0142 w Euro Bank S.A. oraz w wydzia\u0142ach ekonomicznych plac\u00f3wek dyplomatycznych Rzeczypospolitej Polskiej w Londynie i Dublinie.<\/span><\/p>\n<p><span style=\"font-size: medium;\">Cz\u0142onek rad nadzorczych Auxilia S.A., Bioavlee S.A., Scanway Sp. z o.o., Bright Future Sp. z o.o. \u00a0\u00a0\u00a0\u00a0<\/span><\/p>\n<p><span style=\"font-size: medium;\"><strong><br \/>\nJakub Kami\u0144ski<\/strong><\/span><\/p>\n<p><span style=\"font-size: medium;\">Zagadnienia: upad\u0142o\u015b\u0107 i restrukturyzacja w kontek\u015bcie zarz\u0105dzania finansami<\/span><\/p>\n<p><span style=\"font-size: medium;\">Licencjonowany doradca restrukturyzacyjny, przedsi\u0119biorca oraz praktyk w pe\u0142nieniu funkcji syndyka, nadzorcy s\u0105dowego i zarz\u0105dcy z wieloletnim do\u015bwiadczeniem.<\/span><\/p>\n<p><span style=\"font-size: medium;\">Specjalista w zakresie restrukturyzacji przedsi\u0119biorstw niewyp\u0142acalnych i zagro\u017conych niewyp\u0142acalno\u015bci\u0105, zabezpieczenia maj\u0105tku oraz likwidacji.<\/span><\/p>\n<p data-l-s=\"20227\"><span style=\"font-size: medium;\">Kurator sp\u00f3\u0142ek prawa handlowego i przedsi\u0119biorstw w stanie upad\u0142o\u015bci. \u00a0\u00a0\u00a0\u00a0<\/span><\/p>\n<p>&nbsp;<\/p><\/blockquote>\n<p><strong>Krzysztof Kolany<\/strong>\u00a0obszar: makroekonomia<\/p>\n<blockquote><p>Absolwent Akademii Ekonomicznej we Wroc\u0142awiu. Analityk rynk\u00f3w finansowych i gospodarki. Od ponad 10 lat publikuje na \u0142amach Bankier.pl \u2013 najwi\u0119kszego polskiego portalu finansowo-ekonomicznego. Analizuje trendy makroekonomiczne i bada ich prze\u0142o\u017cenie na rynki finansowe. Specjalizuje si\u0119 w rynkach metali szlachetnych oraz monitoruje polityk\u0119 najwa\u017cniejszych bank\u00f3w centralnych. Inwestor gie\u0142dowy z wieloletnim sta\u017cem. Jest laureatem presti\u017cowego konkursu im. W. Grabskiego dla dziennikarzy ekonomicznych w kategorii dziennikarstwa internetowego. W 2016 roku otrzyma\u0142 tak\u017ce tytu\u0142 Herosa Rynku Kapita\u0142owego przyznawany przez Stowarzyszenie Inwestor\u00f3w Indywidualnych.<\/p><\/blockquote>\n<p><strong>Marek Pauka<\/strong><\/p>\n<p>Zagadnienia: przedmioty zwi\u0105zane z analiz\u0105 finansow\u0105, wycen\u0105 przedsi\u0119biorstw i finansow\u0105 ocen\u0105 op\u0142acalno\u015bci projekt\u00f3w inwestycyjnych, cash flow, transfery do w\u0142a\u015bcicieli<br \/>\nOd 2001 roku zwi\u0105zany z Katedr\u0105 Finans\u00f3w (dr habilitowany), uko\u0144czy\u0142 wiele szkole\u0144 trenerskich, m.in. dla trener\u00f3w biznesu (MODERATOR) i tutor\u00f3w (Collegium Wratislaviense) oraz EduScrum. Certyfikowany Trener \u00aeFRIS. Prowadzi szkolenia otwarte i zamkni\u0119te oraz wsp\u00f3\u0142pracuje z mened\u017cerami w ramach indywidualnych konsultacji (tutoring biznesowy), a tak\u017ce doradza w obszarze zarz\u0105dzania finansami przedsi\u0119biorstw, koncentruj\u0105c si\u0119 przede wszystkim na analizach op\u0142acalno\u015bci nowych projekt\u00f3w inwestycyjnych, poszukiwaniu wzrostu warto\u015bci, analizie i ocenie rentowno\u015bci segment\u00f3w, analizach i zarz\u0105dzaniu p\u0142ynno\u015bci\u0105.<\/p>\n<p>Tworzy modele finansowe na potrzeby pozyskiwania kapita\u0142u oraz wycenia przedsi\u0119biorstwa. Zafascynowany rachunkiem przep\u0142yw\u00f3w pieni\u0119\u017cnych. Uczestnik takich innowacyjnych projekt\u00f3w jak BIPS i Centrum Projektowania Innowacyjnych Rozwi\u0105za\u0144 DT Hub.<\/p>\n<p>W swojej pracy bazuje na prawdziwych case studies, w tym tak\u017ce tych wniesionych przez s\u0142uchaczy i pokazuje, jak wykorzysta\u0107 wiedz\u0119 teoretyczn\u0105 w praktyce. Wyznawca tezy, \u017ce &#8222;finanse s\u0105 \u0142atwe, chocia\u017c wymagaj\u0105 my\u015blenia&#8221;. Wsp\u00f3\u0142redaktor i autor rozdzia\u0142u o obligacjach podr\u0119cznika bazuj\u0105cego na &#8222;przyk\u0142adach z \u017cycia&#8221;, wyja\u015bniaj\u0105cego skomplikowane zagadnienia z rynk\u00f3w finansowych. Wsp\u00f3\u0142autor monografii o rynku NewConnect.<\/p>\n<p>Pomys\u0142odawca i trener wielu kurs\u00f3w szkoleniowych, m.in. w Centrum Kszta\u0142cenia Ustawicznego przy UE we Wroc\u0142awiu. Obecnie w ofercie 3 warsztaty komputerowe:<\/p>\n<p>&#8211; Analiza finansowa przedsi\u0119biorstwa (warsztaty praktyczne),<\/p>\n<p>&#8211; Finansowa ocena projekt\u00f3w inwestycyjnych z wykorzystaniem MS Excel,<\/p>\n<p>&#8211; Rachunek przep\u0142yw\u00f3w pieni\u0119\u017cnych \u2013 sporz\u0105dzanie i analiza.<\/p>\n<p>&nbsp;<\/p>\n<p><span style=\"font-size: medium;\"><strong>Rafa\u0142 P\u0142o\u0144czak<\/strong><\/span><\/p>\n<p><span style=\"font-size: medium;\">Zagadnienia: controlling, rachunkowo\u015b\u0107 zarz\u0105dcza<\/span><\/p>\n<p><span style=\"font-size: medium;\">Do\u015bwiadczony controller z kilkunastoletnim sta\u017cem w przedsi\u0119biorstwach z r\u00f3\u017cnych bran\u017c (m.in. produkcyjnych, handlowych, deweloperskich, farmaceutycznych, zwi\u0105zanych ze zdrowiem). Posiada wiedz\u0119 praktyczn\u0105 w zakresie rozwi\u0105za\u0144 bazodanowych i automatyzuj\u0105cych procesy w przedsi\u0119biorstwie.<\/span><\/p>\n<p><span style=\"font-size: medium;\">Specjalizuje si\u0119 w rachunkowo\u015bci zarz\u0105dczej, finansach, zarz\u0105dzaniu kosztami przedsi\u0119biorstwa i budowaniu plan\u00f3w strategicznych. Od 2015 roku jest zwi\u0105zany z jednym z czo\u0142owych funduszy inwestycyjnych w Europie \u015arodkowo-Wschodniej. Pracuje w polskich jednostkach nale\u017c\u0105cych do funduszu, w kt\u00f3rych zarz\u0105dza controllingiem i sprawozdawczo\u015bci\u0105 finansow\u0105.<\/span><\/p>\n<p data-l-s=\"61404\"><span style=\"font-size: medium;\">Prowadzi\u0142 zamkni\u0119te szkolenia z rachunku koszt\u00f3w produkcji oraz wdra\u017cania system\u00f3w informatycznych i proces\u00f3w controllingowych. \u00a0\u00a0\u00a0\u00a0<\/span><\/p>\n<p data-l-s=\"61404\">\n<p><strong>Damian Syzdek<\/strong><\/p>\n<p>Zagadnienia: wsp\u00f3\u0142praca z dealing roomem, depozyty, zarz\u0105dzanie ryzykiem walutowym i stopy procentowej<\/p>\n<p>Absolwent Uniwersytetu Ekonomicznego we Wroc\u0142awiu (Wydzia\u0142 Gospodarki Narodowej) oraz Uniwersytetu Wroc\u0142awskiego na Wydziale Prawa i Administracji.<\/p>\n<p>Przedmiotem analiz w pracy magisterskiej by\u0142y aspekty prawne i ekonomiczne sekurytyzacji. Zawodowo zwi\u0105zany z Bankiem Zachodnim WBK S.A., kt\u00f3ry jest cz\u0119\u015bci\u0105 Grupy Santander. Pocz\u0105tkowo zdobywa\u0142 do\u015bwiadczenie w zakresie stosowania instrument\u00f3w ograniczaj\u0105cych ryzyko walutowe. Obecnie na stanowisku Chief Dealer zarz\u0105dza zespo\u0142em dealer\u00f3w w trzech lokalizacjach.<\/p>\n<p>Odpowiedzialny za instrumenty stopy procentowej w segmencie klienta korporacyjnego.<\/p>\n<p>&nbsp;<\/p>\n<h3>Kierownictwo i opieka naukowa<\/h3>\n<h3 class=\"subheader\">Kierownik<\/h3>\n<p><b>dr hab. Marek Pauka, prof. UEW<\/b><br \/>\nKatedra Finans\u00f3w<br \/>\ne-mail:\u00a0<a href=\"mailto:marek.pauka@ue.wroc.pl\">marek.pauka@ue.wroc.pl<\/a><br \/>\npok. 4, bud. A, tel. 71 36 80 223<\/p>\n<p>&nbsp;<\/p>\n","protected":false},"excerpt":{"rendered":"<p>Link do zapis\u00f3w na ed. VIII W dzisiejszym wysoce konkurencyjnym i mocno nieprzewidywalnym \u015bwiecie biznesu rol\u0105\u00a0menad\u017cera finansowego (dyrektora finansowego)\u00a0jest przede wszystkim: zapewni\u0107 dost\u0119p do\u00a0kapita\u0142\u00f3w, zachowuj\u0105c odpowiednie relacje mi\u0119dzy kapita\u0142em w\u0142asnym i obcym, oraz korzystj\u0105c z dost\u0119pu do rynku prywatnego, bankowego i gie\u0142dowego; monitorowa\u0107 osi\u0105ganie z dzia\u0142alno\u015bci operacyjnej i inwestycji odpowiednio wysokiej\u00a0stopy zwrotu, aby ostatecznie w [&hellip;]<\/p>\n","protected":false},"author":1,"featured_media":0,"parent":1305,"menu_order":1,"comment_status":"closed","ping_status":"closed","template":"","meta":{"footnotes":""},"class_list":["post-1312","page","type-page","status-publish","hentry"],"_links":{"self":[{"href":"https:\/\/katfin.ue.wroc.pl\/index.php\/wp-json\/wp\/v2\/pages\/1312","targetHints":{"allow":["GET"]}}],"collection":[{"href":"https:\/\/katfin.ue.wroc.pl\/index.php\/wp-json\/wp\/v2\/pages"}],"about":[{"href":"https:\/\/katfin.ue.wroc.pl\/index.php\/wp-json\/wp\/v2\/types\/page"}],"author":[{"embeddable":true,"href":"https:\/\/katfin.ue.wroc.pl\/index.php\/wp-json\/wp\/v2\/users\/1"}],"replies":[{"embeddable":true,"href":"https:\/\/katfin.ue.wroc.pl\/index.php\/wp-json\/wp\/v2\/comments?post=1312"}],"version-history":[{"count":5,"href":"https:\/\/katfin.ue.wroc.pl\/index.php\/wp-json\/wp\/v2\/pages\/1312\/revisions"}],"predecessor-version":[{"id":2456,"href":"https:\/\/katfin.ue.wroc.pl\/index.php\/wp-json\/wp\/v2\/pages\/1312\/revisions\/2456"}],"up":[{"embeddable":true,"href":"https:\/\/katfin.ue.wroc.pl\/index.php\/wp-json\/wp\/v2\/pages\/1305"}],"wp:attachment":[{"href":"https:\/\/katfin.ue.wroc.pl\/index.php\/wp-json\/wp\/v2\/media?parent=1312"}],"curies":[{"name":"wp","href":"https:\/\/api.w.org\/{rel}","templated":true}]}}