{"id":1305,"date":"2018-03-03T22:59:58","date_gmt":"2018-03-03T21:59:58","guid":{"rendered":"http:\/\/katfin.ue.wroc.pl\/?page_id=1305"},"modified":"2018-05-10T14:34:48","modified_gmt":"2018-05-10T12:34:48","slug":"studia-podyplomowe","status":"publish","type":"page","link":"https:\/\/katfin.ue.wroc.pl\/index.php\/informacje-dla-studentow\/studia-podyplomowe\/","title":{"rendered":"Studia Podyplomowe"},"content":{"rendered":"<p><strong>Studia Podyplomowe:<\/strong><\/p>\n<ul>\n<li><a href=\"http:\/\/www.podyplomowe.ue.wroc.pl\/114,1207,finanse_i_bankowosc.html\" target=\"_blank\" rel=\"noopener\">Finanse i bankowo\u015b\u0107 (38 edycja &#8211; zapisy otwarte)<\/a><\/li>\n<li><a href=\"http:\/\/www.podyplomowe.ue.wroc.pl\/studia.html\" target=\"_blank\" rel=\"noopener\">Dyrektor finansowy (ed.1 wiosna 2018)<\/a><\/li>\n<li><a href=\"http:\/\/www.podyplomowe.ue.wroc.pl\/114,1189,dyrektor_finansowy.html\">Dyrektor finansowy (ed. 2 jesie\u0144 2018 &#8211; zapisy otwarte)<\/a><\/li>\n<li><a href=\"http:\/\/www.podyplomowe.ue.wroc.pl\/studia.html\" target=\"_blank\" rel=\"noopener\">Zarz\u0105dzanie finansami przedsi\u0119biorstwa<\/a><\/li>\n<li><a href=\"http:\/\/www.podyplomowe.ue.wroc.pl\/studia.html\" target=\"_blank\" rel=\"noopener\">Zarz\u0105dzanie finansami w ochronie zdrowia (ponad 20 zrealizowanych edycji)<\/a><\/li>\n<li><a href=\"http:\/\/www.podyplomowe.ue.wroc.pl\/studia.html\" target=\"_blank\" rel=\"noopener\">Studia podyplomowe dla Kandydat\u00f3w na Doradc\u00f3w Podatkowych (3 edycja)<br \/>\n<\/a><\/li>\n<li><a href=\"http:\/\/www.podyplomowe.ue.wroc.pl\/114,1208,narzedzia_analityka_finansowego_wycena_analiza_finansowa_oplacalnosc.html\" target=\"_blank\" rel=\"noopener\">Narz\u0119dzia analityka finansowego (Wycena, analiza finansowa, op\u0142acalno\u015b\u0107) <\/a> &#8211; ed.1 &#8211; zapisy otwarte<\/li>\n<\/ul>\n<p>Aktualna oferta znajduje si\u0119 si\u0119 na stronie\u00a0<a href=\"http:\/\/www.podyplomowe.ue.wroc.pl\/studia.html\" target=\"_blank\" rel=\"noopener\">podyplomowe.ue.wroc.pl<\/a><\/p>\n","protected":false},"excerpt":{"rendered":"<p>Studia Podyplomowe: Finanse i bankowo\u015b\u0107 (38 edycja &#8211; zapisy otwarte) Dyrektor finansowy (ed.1 wiosna 2018) Dyrektor finansowy (ed. 2 jesie\u0144 2018 &#8211; zapisy otwarte) Zarz\u0105dzanie finansami przedsi\u0119biorstwa Zarz\u0105dzanie finansami w ochronie zdrowia (ponad 20 zrealizowanych edycji) Studia podyplomowe dla Kandydat\u00f3w na Doradc\u00f3w Podatkowych (3 edycja) Narz\u0119dzia analityka finansowego (Wycena, analiza finansowa, op\u0142acalno\u015b\u0107) &#8211; ed.1 &#8211; [&hellip;]<\/p>\n","protected":false},"author":1,"featured_media":0,"parent":14,"menu_order":1,"comment_status":"closed","ping_status":"closed","template":"","meta":{"footnotes":""},"class_list":["post-1305","page","type-page","status-publish","hentry"],"_links":{"self":[{"href":"https:\/\/katfin.ue.wroc.pl\/index.php\/wp-json\/wp\/v2\/pages\/1305","targetHints":{"allow":["GET"]}}],"collection":[{"href":"https:\/\/katfin.ue.wroc.pl\/index.php\/wp-json\/wp\/v2\/pages"}],"about":[{"href":"https:\/\/katfin.ue.wroc.pl\/index.php\/wp-json\/wp\/v2\/types\/page"}],"author":[{"embeddable":true,"href":"https:\/\/katfin.ue.wroc.pl\/index.php\/wp-json\/wp\/v2\/users\/1"}],"replies":[{"embeddable":true,"href":"https:\/\/katfin.ue.wroc.pl\/index.php\/wp-json\/wp\/v2\/comments?post=1305"}],"version-history":[{"count":7,"href":"https:\/\/katfin.ue.wroc.pl\/index.php\/wp-json\/wp\/v2\/pages\/1305\/revisions"}],"predecessor-version":[{"id":1413,"href":"https:\/\/katfin.ue.wroc.pl\/index.php\/wp-json\/wp\/v2\/pages\/1305\/revisions\/1413"}],"up":[{"embeddable":true,"href":"https:\/\/katfin.ue.wroc.pl\/index.php\/wp-json\/wp\/v2\/pages\/14"}],"wp:attachment":[{"href":"https:\/\/katfin.ue.wroc.pl\/index.php\/wp-json\/wp\/v2\/media?parent=1305"}],"curies":[{"name":"wp","href":"https:\/\/api.w.org\/{rel}","templated":true}]}}