{"id":12,"date":"2013-10-20T20:41:44","date_gmt":"2013-10-20T18:41:44","guid":{"rendered":"http:\/\/katfin.ue.wroc.pl\/?page_id=12"},"modified":"2024-11-05T19:45:24","modified_gmt":"2024-11-05T18:45:24","slug":"pracownicy","status":"publish","type":"page","link":"https:\/\/katfin.ue.wroc.pl\/index.php\/pracownicy\/","title":{"rendered":"Pracownicy"},"content":{"rendered":"<table style=\"width: 100%;\" border=\"0\" cellspacing=\"1\" cellpadding=\"1\">\n<tbody>\n<tr>\n<td style=\"width: 50%;\"><strong>\u00a0<\/strong><\/td>\n<\/tr>\n<\/tbody>\n<\/table>\n<p><strong>Sekretariat Katedry:<br \/><\/strong><a href=\"http:\/\/www.ue.wroc.pl\/pracownicy\/julita_czelen.html\">mgr in\u017c. Julita Czele\u0144<\/a><br \/>pok\u00f3j 3 (parter lewe skrzyd\u0142o) w bud. &#8222;A&#8221; <br \/>tel. 071 &#8211; 36 80 212<br \/><br \/><br \/><\/p>\n<p><strong style=\"line-height: 1.5;\">Kierownik Katedry:<\/strong><\/p>\n<ul>\n<li><a href=\"https:\/\/www.ue.wroc.pl\/pracownicy\/marek_pauka.html\">dr hab. Marek Pauka, prof. UEW<\/a><\/li>\n<\/ul>\n<p><strong style=\"line-height: 1.5;\">Pracownicy:<\/strong><\/p>\n<ul>\n<li style=\"list-style-type: none;\">\n<ul>\n<li style=\"list-style-type: none;\">\n<ul>\n<li><a>dr Krzysztof Biegun<\/a><\/li>\n<li><a href=\"https:\/\/www.ue.wroc.pl\/pracownicy\/ewa_blaszke.html\">mgr Ewa Blaszke<\/a><\/li>\n<li><a href=\"http:\/\/www.ue.wroc.pl\/pracownicy\/alicja_brodzka.html\">dr Alicja Brodzka<\/a><\/li>\n<li><a href=\"https:\/\/www.ue.wroc.pl\/pracownicy\/magdalena_broszkiewicz.html\">dr Magdalena Broszkiewicz<\/a><\/li>\n<li>mgr Karol Ciesielski<\/li>\n<li><a style=\"font-size: 15.5555562973022px; line-height: 1.5;\" href=\"http:\/\/www.ue.wroc.pl\/pracownicy\/iwona_dittmann.html\">dr Iwona Dittmann<\/a><\/li>\n<li><a href=\"http:\/\/www.ue.wroc.pl\/pracownicy\/ilona_falat-kilijanska.html\">dr Ilona Fa\u0142at-Kilija\u0144ska<\/a><\/li>\n<li><a href=\"http:\/\/katfin.ue.wroc.pl\/index.php\/pracownicy\/dr-inz-dominika-hadro\/\">dr in\u017c. Dominika Hadro<\/a><\/li>\n<li><a href=\"http:\/\/www.ue.wroc.pl\/pracownicy\/malgorzata_galecka.html\">dr Ma\u0142gorzata Ga\u0142ecka<\/a><\/li>\n<li><a href=\"http:\/\/www.ue.wroc.pl\/pracownicy\/ewa_gubernat.html\">dr Ewa Gubernat<\/a><\/li>\n<li><a href=\"http:\/\/www.ue.wroc.pl\/pracownicy\/jacek_karwowski.html\">prof. zw. dr hab. Jacek Karwowski<\/a><\/li>\n<li><a href=\"http:\/\/www.ue.wroc.pl\/pracownicy\/michal_kisiel.html\">dr Micha\u0142 Kisiel<\/a><\/li>\n<li><a href=\"http:\/\/www.ue.wroc.pl\/pracownicy\/hanna_kociemska.html\">dr Hanna Kociemska<\/a><\/li>\n<li><a href=\"https:\/\/katfin.ue.wroc.pl\/index.php\/pracownicy\/dr-wojciech-krawiec\/\">dr Wojciech Krawiec<\/a><\/li>\n<li><a href=\"http:\/\/www.ue.wroc.pl\/pracownicy\/dorota_korenik.html\">prof. zw. dr hab. in\u017c. Dorota El\u017cbieta Korenik<\/a><\/li>\n<li>mgr Jadwiga Machnik<\/li>\n<li><a href=\"http:\/\/www.ue.wroc.pl\/pracownicy\/jaroslaw_olejniczak.html\">dr Jaros\u0142aw Olejniczak<\/a><\/li>\n<li><a href=\"http:\/\/www.ue.wroc.pl\/pracownicy\/leszek_patrzalek.html\">prof. zw. dr hab. Leszek Patrza\u0142ek<\/a><\/li>\n<li><a href=\"http:\/\/www.ue.wroc.pl\/pracownicy\/marek_pauka.html\">dr hab. Marek Pauka, prof. UEW<\/a><\/li>\n<li><a href=\"https:\/\/www.ue.wroc.pl\/pracownicy\/katarzyna_predkiewicz.html\">dr hab. Katarzyna Pr\u0119dkiewicz, prof. UEW<\/a><\/li>\n<li><a href=\"http:\/\/www.ue.wroc.pl\/pracownicy\/pawel_predkiewicz.html\">dr Pawe\u0142 Pr\u0119dkiewicz<\/a><\/li>\n<li><a href=\"http:\/\/www.ue.wroc.pl\/pracownicy\/boguslaw_poltorak.html\">dr hab. Bogus\u0142aw P\u00f3\u0142torak, prof. UEW<\/a><\/li>\n<li><a href=\"http:\/\/www.ue.wroc.pl\/pracownicy\/katarzyna_smolny.html\">dr Katarzyna Smolny<\/a><\/li>\n<li><a href=\"https:\/\/www.ue.wroc.pl\/pracownicy\/magdalena_swacha-lech.html\">dr Magdalena Swacha-Lech<\/a><\/li>\n<li><a href=\"http:\/\/www.ue.wroc.pl\/pracownicy\/jacek_uchman.html\">dr hab. Jacek Uchman, prof. UEW<\/a><\/li>\n<li><a href=\"http:\/\/www.ue.wroc.pl\/pracownicy\/agnieszka_werwinska.html\">dr Agnieszka Werwi\u0144ska<\/a><\/li>\n<li><a href=\"http:\/\/www.ue.wroc.pl\/pracownicy\/maria_wegrzyn.html\">dr hab. Maria W\u0119grzyn, prof. UEW<\/a><\/li>\n<\/ul>\n<\/li>\n<\/ul>\n<\/li>\n<\/ul>\n<p><b>Doktoranci:<\/b><\/p>\n<ul>\n<li>mgr Alicja Choma<\/li>\n<li>mgr Kamila Fa\u0142at<\/li>\n<li><a href=\"https:\/\/www.ue.wroc.pl\/pracownicy\/mateusz_gawin.html\">mgr Mateusz Gawin<\/a><\/li>\n<li data-l-s=\"48680\"><a href=\"https:\/\/www.ue.wroc.pl\/pracownicy\/malgorzata_szwiec.html\">mgr Ma\u0142gorzata Szwiec<\/a><\/li>\n<li>mgr Nikola Wo\u017aniak<\/li>\n<\/ul>\n<p><b>Osoby wsp\u00f3\u0142pracuj\u0105ce:<\/b><\/p>\n<ul>\n<li><a href=\"https:\/\/www.ue.wroc.pl\/pracownicy\/valerio_brescia.html\">Valerio Brescia, PhD Researcher, University of Turin &#8211; Visiting Researcher<\/a> (w 2022 r.)<\/li>\n<li><a href=\"https:\/\/www.ue.wroc.pl\/pracownicy\/silvana_secinaro.html\">Silvana Secinaro, PhD Associate Professor, University of Turin &#8211; Visiting Researcher<\/a> (w 2022 r.)<\/li>\n<li>dr Anna Dada<\/li>\n<li>dr \u0141ukasz Kuta<\/li>\n<li><a href=\"https:\/\/www.ue.wroc.pl\/pracownicy\/emil_lobodzinski.html\">dr Emil \u0141obodzi\u0144ski<\/a>\u00a0<\/li>\n<\/ul>\n\n\n<p><\/p>\n","protected":false},"excerpt":{"rendered":"<p>\u00a0 Sekretariat Katedry:mgr in\u017c. Julita Czele\u0144pok\u00f3j 3 (parter lewe skrzyd\u0142o) w bud. &#8222;A&#8221; tel. 071 &#8211; 36 80 212 Kierownik Katedry: dr hab. Marek Pauka, prof. UEW Pracownicy: dr Krzysztof Biegun mgr Ewa Blaszke dr Alicja Brodzka dr Magdalena Broszkiewicz mgr Karol Ciesielski dr Iwona Dittmann dr Ilona Fa\u0142at-Kilija\u0144ska dr in\u017c. Dominika Hadro dr Ma\u0142gorzata [&hellip;]<\/p>\n","protected":false},"author":1,"featured_media":0,"parent":0,"menu_order":1,"comment_status":"closed","ping_status":"closed","template":"","meta":{"footnotes":""},"class_list":["post-12","page","type-page","status-publish","hentry"],"_links":{"self":[{"href":"https:\/\/katfin.ue.wroc.pl\/index.php\/wp-json\/wp\/v2\/pages\/12","targetHints":{"allow":["GET"]}}],"collection":[{"href":"https:\/\/katfin.ue.wroc.pl\/index.php\/wp-json\/wp\/v2\/pages"}],"about":[{"href":"https:\/\/katfin.ue.wroc.pl\/index.php\/wp-json\/wp\/v2\/types\/page"}],"author":[{"embeddable":true,"href":"https:\/\/katfin.ue.wroc.pl\/index.php\/wp-json\/wp\/v2\/users\/1"}],"replies":[{"embeddable":true,"href":"https:\/\/katfin.ue.wroc.pl\/index.php\/wp-json\/wp\/v2\/comments?post=12"}],"version-history":[{"count":34,"href":"https:\/\/katfin.ue.wroc.pl\/index.php\/wp-json\/wp\/v2\/pages\/12\/revisions"}],"predecessor-version":[{"id":2386,"href":"https:\/\/katfin.ue.wroc.pl\/index.php\/wp-json\/wp\/v2\/pages\/12\/revisions\/2386"}],"wp:attachment":[{"href":"https:\/\/katfin.ue.wroc.pl\/index.php\/wp-json\/wp\/v2\/media?parent=12"}],"curies":[{"name":"wp","href":"https:\/\/api.w.org\/{rel}","templated":true}]}}