{"id":1018,"date":"2017-11-09T18:38:28","date_gmt":"2017-11-09T17:38:28","guid":{"rendered":"http:\/\/katfin.ue.wroc.pl\/?page_id=1018"},"modified":"2023-06-15T10:52:44","modified_gmt":"2023-06-15T08:52:44","slug":"kolo-naukowe-doradztwa-podatkowego","status":"publish","type":"page","link":"https:\/\/katfin.ue.wroc.pl\/index.php\/dla-studentow\/kola-naukowe\/kolo-naukowe-doradztwa-podatkowego\/","title":{"rendered":"Ko\u0142o Naukowe Doradztwa Podatkowego"},"content":{"rendered":"<p><em>\/strona archiwalna<\/em><\/p>\n<p>Wspania\u0142a przygoda zaczyna si\u0119 od wyj\u0105tkowych ludzi, dlatego Ko\u0142o Naukowe Doradztwa Podatkowego og\u0142asza rekrutacje!<\/p>\n<p>Naszym celem jest zdobywanie wiedzy specjalistycznej z obszaru prawa podatkowego.<br \/>\nNasz cel realizujemy przez spotkania, szkolenia, wyk\u0142ady, akcje i projekty.<br \/>\nWe wszystkim wspiera nas dr Krzysztof Biernacki wieloletni praktyk, wspania\u0142y nauczyciel a przede wszystkim mentor.<br \/>\nR\u00f3wnie\u017c dzi\u0119ki takim ludziom jak nasz Opiekun naukowy macie mo\u017cliwo\u015b\u0107 skorzystania z tej wspania\u0142ej szansy rozwoju.<\/p>\n<p>Jednak ko\u0142o tworz\u0105 przede wszystkim jego cz\u0142onkowie i to oni sprawiaj\u0105, \u017ce inni zostaj\u0105 u nas na d\u0142u\u017cej!<br \/>\n<strong>Aby do nas do\u0142\u0105czy\u0107 macie czas do 25 listopada!<\/strong><br \/>\nW celu uzyskania szczeg\u00f3\u0142owych informacji na temat rekrutacji oraz dzia\u0142alno\u015bci ko\u0142a mo\u017cecie kontaktowa\u0107 si\u0119 bezpo\u015brednio z naszym koordynatorem Piotrkiem przez wys\u0142anie wiadomo\u015bci na poni\u017csze adresy email.<br \/>\nkn.doradztwopodatkowe@gmail.com<br \/>\nszczesniak.business@gmail.com<\/p>\n<p>Zapraszamy do udzia\u0142u w pracach Ko\u0142a Naukowego.<\/p>\n<p>Informacje o rekrutacji w\u00a0pliku:\u00a0\u00a0<a href=\"http:\/\/katfin.ue.wroc.pl\/wp-content\/uploads\/2017\/11\/KNDP.pdf\">KNDP<\/a><\/p>\n","protected":false},"excerpt":{"rendered":"<p>\/strona archiwalna Wspania\u0142a przygoda zaczyna si\u0119 od wyj\u0105tkowych ludzi, dlatego Ko\u0142o Naukowe Doradztwa Podatkowego og\u0142asza rekrutacje! Naszym celem jest zdobywanie wiedzy specjalistycznej z obszaru prawa podatkowego. Nasz cel realizujemy przez spotkania, szkolenia, wyk\u0142ady, akcje i projekty. We wszystkim wspiera nas dr Krzysztof Biernacki wieloletni praktyk, wspania\u0142y nauczyciel a przede wszystkim mentor. R\u00f3wnie\u017c dzi\u0119ki takim ludziom [&hellip;]<\/p>\n","protected":false},"author":1,"featured_media":0,"parent":16,"menu_order":3,"comment_status":"closed","ping_status":"closed","template":"","meta":{"footnotes":""},"class_list":["post-1018","page","type-page","status-publish","hentry"],"_links":{"self":[{"href":"https:\/\/katfin.ue.wroc.pl\/index.php\/wp-json\/wp\/v2\/pages\/1018","targetHints":{"allow":["GET"]}}],"collection":[{"href":"https:\/\/katfin.ue.wroc.pl\/index.php\/wp-json\/wp\/v2\/pages"}],"about":[{"href":"https:\/\/katfin.ue.wroc.pl\/index.php\/wp-json\/wp\/v2\/types\/page"}],"author":[{"embeddable":true,"href":"https:\/\/katfin.ue.wroc.pl\/index.php\/wp-json\/wp\/v2\/users\/1"}],"replies":[{"embeddable":true,"href":"https:\/\/katfin.ue.wroc.pl\/index.php\/wp-json\/wp\/v2\/comments?post=1018"}],"version-history":[{"count":5,"href":"https:\/\/katfin.ue.wroc.pl\/index.php\/wp-json\/wp\/v2\/pages\/1018\/revisions"}],"predecessor-version":[{"id":2193,"href":"https:\/\/katfin.ue.wroc.pl\/index.php\/wp-json\/wp\/v2\/pages\/1018\/revisions\/2193"}],"up":[{"embeddable":true,"href":"https:\/\/katfin.ue.wroc.pl\/index.php\/wp-json\/wp\/v2\/pages\/16"}],"wp:attachment":[{"href":"https:\/\/katfin.ue.wroc.pl\/index.php\/wp-json\/wp\/v2\/media?parent=1018"}],"curies":[{"name":"wp","href":"https:\/\/api.w.org\/{rel}","templated":true}]}}