{"id":100,"date":"2014-04-11T22:21:29","date_gmt":"2014-04-11T20:21:29","guid":{"rendered":"http:\/\/katfin.ue.wroc.pl\/?page_id=100"},"modified":"2021-10-03T21:26:10","modified_gmt":"2021-10-03T19:26:10","slug":"dr-hab-iwona-dittmann","status":"publish","type":"page","link":"https:\/\/katfin.ue.wroc.pl\/index.php\/pracownicy\/dr-hab-iwona-dittmann\/","title":{"rendered":"dr hab. Iwona Dittmann, prof. UEW"},"content":{"rendered":"<p><b>Zainteresowania badawcze<\/b>:<\/p>\n<p>&#8211;&nbsp;&nbsp;&nbsp;&nbsp;&nbsp;&nbsp;&nbsp; Analiza rynku nieruchomo\u015bci,<br \/>\n&#8211;&nbsp;&nbsp;&nbsp;&nbsp;&nbsp;&nbsp;&nbsp; Analiza <i>catchment area,<br \/>\n<\/i>&#8211;&nbsp;&nbsp;&nbsp;&nbsp;&nbsp;&nbsp;&nbsp; Zarz\u0105dzanie warto\u015bci\u0105 nieruchomo\u015bci,<br \/>\n&#8211;&nbsp;&nbsp;&nbsp;&nbsp;&nbsp;&nbsp;&nbsp; Ocena efektywno\u015bci inwestowania w nieruchomo\u015bci,<br \/>\n&#8211;&nbsp;&nbsp;&nbsp;&nbsp;&nbsp;&nbsp;&nbsp; Marketing na rynku nieruchomo\u015bci,<br \/>\n&#8211;&nbsp;&nbsp;&nbsp;&nbsp;&nbsp;&nbsp;&nbsp; Finanse osobiste i ekonomia behawioralna.<\/p>\n<p><b>Prowadzone wyk\u0142ady<\/b>:<\/p>\n<p>&#8211;&nbsp;&nbsp;&nbsp;&nbsp;&nbsp;&nbsp;&nbsp; Analiza rynku nieruchomo\u015bci,<br \/>\n&#8211;&nbsp;&nbsp;&nbsp;&nbsp;&nbsp;&nbsp;&nbsp; Zarz\u0105dzanie warto\u015bci\u0105 nieruchomo\u015bci,<br \/>\n&#8211;&nbsp;&nbsp;&nbsp;&nbsp;&nbsp;&nbsp;&nbsp; Ocena efektywno\u015bci inwestowania w nieruchomo\u015bci,<br \/>\n&#8211;&nbsp;&nbsp;&nbsp;&nbsp;&nbsp;&nbsp;&nbsp; Wycena nieruchomo\u015bci,<br \/>\n&#8211;&nbsp;&nbsp;&nbsp;&nbsp;&nbsp;&nbsp;&nbsp; Zarz\u0105dzanie i po\u015brednictwo na rynku nieruchomo\u015bci,<br \/>\n&#8211;&nbsp;&nbsp;&nbsp;&nbsp;&nbsp;&nbsp;&nbsp; Inwestowanie w nieruchomo\u015bci,<br \/>\n&#8211;&nbsp;&nbsp;&nbsp;&nbsp;&nbsp;&nbsp;&nbsp; Developing nieruchomo\u015bci,<br \/>\n&#8211;&nbsp;&nbsp;&nbsp;&nbsp;&nbsp;&nbsp;&nbsp; Bankowo\u015b\u0107 hipoteczna,<br \/>\n&#8211;&nbsp;&nbsp;&nbsp;&nbsp;&nbsp;&nbsp;&nbsp; Asset management.<\/p>\n<p><strong>Kontakt<\/strong>: &#8211;&gt;<a title=\"Iwona Dittmann\" href=\"http:\/\/www.ue.wroc.pl\/pracownicy\/iwona_dittmann.html\" target=\"_blank\" rel=\"noopener noreferrer\">link<\/a><\/p>\n<p>&nbsp;<\/p>\n<p><strong>Wa\u017cniejsze publikacje naukowe:<\/strong><\/p>\n<ol>\n<li><i>Podobie\u0144stwo zmian \u015brednich cen transakcyjnych 1m<sup>2<\/sup> powierzchni&nbsp; mieszka\u0144 w wybranych miastach wojew\u00f3dztwa \u015bl\u0105skiego<\/i>, Studia Ekonomiczne &#8211; Zeszyty Naukowe Uniwersytetu Ekonomicznego w Katowicach, nr 124, 2013, Wyd. UE w Katowicach, s. 165 \u2013 182,<br \/>\n<a style=\"line-height: 1.5;\" href=\"http:\/\/www.ue.katowice.pl\/uploads\/media\/SE_124.pdf\">http:\/\/www.ue.katowice.pl\/uploads\/media\/SE_124.pdf<\/a><\/li>\n<li><i style=\"line-height: 1.5;\">Ceny ofertowe i transakcyjne na wybranych rynkach mieszkaniowych w Polsce.<\/i><span style=\"line-height: 1.5;\"> W: \u201eProblemy spo\u0142eczno \u2013 ekonomiczne w uwarunkowaniach ryzyka i statystycznej nieokre\u015blono\u015bci. Metody i modele rozwoju region\u00f3w\u201d, praca zbiorowa pod red. W. Szkutnik, 2013, Uniwersytetu Ekonomicznego w Katowicach, s. 34 \u2013 58<\/span><\/li>\n<li>Dittmann I. (2013): <i>Forecast accuracy and similarities in the development of mean transaction prices on Polish residential markets<\/i>, \u201cEkonometria Econometrics\u201d nr 1 (39), Wydawnictwo UE we Wroc\u0142awiu, s. 121-132<br \/>\n<a href=\"http:\/\/cejsh.icm.edu.pl\/cejsh\/element\/bwmeta1.element.desklight-98b0f839-5aaf-414d-b164-219a8e76a342\" target=\"_blank\" rel=\"noopener noreferrer\">http:\/\/cejsh.icm.edu.pl\/cejsh\/element\/bwmeta1.element.desklight-98b0f839-5aaf-414d-b164-219a8e76a342<\/a><\/li>\n<li><i style=\"line-height: 1.5;\">Podejmowanie decyzji inwestycyjnych na rynkach nieruchomo\u015bci mieszkaniowych w oparciu o prognozy cen mieszka\u0144 konstruowane na podstawie opinii ekspert\u00f3w z u\u017cyciem rozk\u0142adu Weibulla, <\/i><span style=\"line-height: 1.5;\">Studia Ekonomiczne \u2013 Zeszyty Naukowe, UE w Katowicach, nr 155, 2013, s. 162 \u2013 174<br \/>\n<\/span><a style=\"line-height: 1.5;\" href=\"http:\/\/www.ue.katowice.pl\/uploads\/media\/SE_155.pdf\">http:\/\/www.ue.katowice.pl\/uploads\/media\/SE_155.pdf<\/a><\/li>\n<li><i style=\"line-height: 1.5;\">Primary and Secondary Residential Real Estate Markets in Poland \u2013 Analogies in Offer and Transaction Price Development<\/i><span style=\"line-height: 1.5;\"><span style=\"line-height: 1.5;\">, \u201eReal Estate Management and Valuation\u201d, Volume 21, Issue 1 (May 2013)<br \/>\n<\/span><\/span><a href=\"http:\/\/www.degruyter.com\/view\/j\/remav.2013.21.issue-1\/remav-2013-0006\/remav-2013-0006.xml?format=INT\" target=\"_blank\" rel=\"noopener noreferrer\">http:\/\/www.degruyter.com\/view\/j\/remav.2013.21.issue-1\/remav-2013-0006\/remav-2013-0006.xml?format=INT<\/a><\/li>\n<li><i>Lokalne rynki mieszkaniowe w Polsce \u2013 podobie\u0144stwo pod wzgl\u0119dem zmian cen transakcyjnych oraz dost\u0119pno\u015bci mieszka\u0144.<\/i> \u201eStudia i Materia\u0142y Towarzystwa Naukowego Nieruchomo\u015bci\u201d, \u201d, vol. 20, nr 1, 2012, s.71-89, Olsztyn<br \/>\n<a style=\"line-height: 1.5;\" href=\"http:\/\/www.tnn.org.pl\/tnn\/publik\/20\/TNN_tom_XX_1.pdf\">http:\/\/www.tnn.org.pl\/tnn\/publik\/20\/TNN_tom_XX_1.pdf<\/a><\/li>\n<li><a href=\"http:\/\/www.ceeol.com\/aspx\/issuedetails.aspx?issueid=1206e804-d662-464b-8975-fa81844b445f&amp;articleId=122c1e68-d579-4a50-aa26-c9bf047dd88c\" target=\"_blank\" rel=\"noopener noreferrer\"><i style=\"line-height: 1.5;\">Prognozowanie cen na lokalnych rynkach nieruchomo\u015bci mieszkaniowych na podstawie analogii przestrzenno \u2013 czasowych<\/i><\/a><span style=\"line-height: 1.5;\"><span style=\"line-height: 1.5;\">, \u201eEkonometria Econometrics\u201d nr 4 (38), 2012, Wydawnictwo Uniwersytetu Ekonomicznego we Wroc\u0142awiu<\/span><\/span><\/li>\n<li><a href=\"http:\/\/www.ceeol.com\/aspx\/issuedetails.aspx?issueid=65c44abb-0532-4972-9a8f-858cce8184e1&amp;articleId=971adc80-5917-40c2-8efc-05037641436d\" target=\"_blank\" rel=\"noopener noreferrer\"><i style=\"line-height: 1.5;\">Forecasting in constructing scenarios for assessing profitability and risk of investing in real property<\/i><\/a><span style=\"line-height: 1.5;\">, Research Papers of Wroc\u0142aw University of Economics No. 196 \u201cEconometrics\u201d, 32, 2011, Wroc\u0142aw, s. 83-91<\/span><\/li>\n<li><i>Nieruchomo\u015bci wykorzystywane w celu sp\u0119dzania czasu wolnego i ich miejsce na rynku nieruchomo\u015bci<\/i>, \u201eRyzyko rynkowe i otoczenie spo\u0142eczno \u2013 gospodarcze\u201d, red. W. Szkutnik, Studia Ekonomiczne &#8211; Zeszyty Naukowe Uniwersytetu Ekonomicznego w Katowicach, Wyd. UE w Katowicach, nr 66, 2011, s. 55-67<br \/>\n<a style=\"line-height: 1.5;\" href=\"http:\/\/www.ue.katowice.pl\/uploads\/media\/SE66_02.pdf\">http:\/\/www.ue.katowice.pl\/uploads\/media\/SE66_02.pdf<\/a><\/li>\n<li><i style=\"line-height: 1.5;\">Zastosowanie zmodyfikowanej macierzy BCG w analizie strategicznej nieruchomo\u015bci inwestycyjnych<\/i><span style=\"line-height: 1.5;\">, &nbsp;\u201eStudia i Materia\u0142y Towarzystwa Naukowego Nieruchomo\u015bci\u201d, vol. 19, nr 2, 2011, s. 175-187<br \/>\n<\/span><a style=\"line-height: 1.5;\" href=\"http:\/\/www.tnn.org.pl\/tnn\/publik\/19\/TNN_Tom_XIX_2.pdf\">http:\/\/www.tnn.org.pl\/tnn\/publik\/19\/TNN_Tom_XIX_2.pdf<\/a><\/li>\n<li><i>Diversity and similarity of average transaction prices of 1m<sup>2<\/sup> of residential space on selected local markets in Poland<\/i>. \u201eManagement\u201d, Uniwersytet Zielonog\u00f3rski, 2011, vol. 15, no 2, s. 390-407<\/li>\n<li><i>The factor of recreation and entertainment in retail and services properties management<\/i>, \u201cStudia i Materia\u0142y Towarzystwa Naukowego Nieruchomo\u015bci\u201d, vol. 18, nr 2, 2010 , Olsztyn, s. 161-171<br \/>\n<a style=\"line-height: 1.5;\" href=\"http:\/\/www.tnn.org.pl\/tnn\/publik\/18\/TNN_Tom_XVIII_2.pdf\">http:\/\/www.tnn.org.pl\/tnn\/publik\/18\/TNN_Tom_XVIII_2.pdf<\/a><\/li>\n<\/ol>\n<ol start=\"13\">\n<li><a href=\"http:\/\/www.ue.katowice.pl\/uploads\/media\/SE46_02.pdf\" target=\"_blank\" rel=\"noopener noreferrer\"><i>Subiektywne aspekty procesu oceny ryzyka na wschodz\u0105cych rynkach nieruchomo\u015bci<\/i><\/a>, Zeszyty Naukowe Uniwersytetu Ekonomicznego w Katowicach &#8211; Studia Ekonomiczne nr 46, 2007,<i> <\/i>s. 63-76<\/li>\n<li><span style=\"line-height: 1.5;\"><em><a href=\"http:\/\/www.ue.katowice.pl\/uploads\/media\/14_Iwona_Dittmann_Gamma_konwergencja.pdf\" target=\"_blank\" rel=\"noopener noreferrer\">Gamma konwergencja cen na lokalnych rynkach mieszkaniowych w Polsce<\/a><\/em>, w: Studia Ekonomiczne.&nbsp;Zeszyty Naukowe Uniwersytetu Ekonomicznego w Katowicach, Uniwersytet Ekonomiczny w&nbsp;Katowicach, nr 181, 2014<\/span><\/li>\n<li>Dittmann I., 2014, <a href=\"http:\/\/www.degruyter.com\/view\/j\/remav.2014.22.issue-4\/issue-files\/remav.2014.22.issue-4.xml\" target=\"_blank\" rel=\"noopener noreferrer\"><em>Setting offer prices by housing developers &#8211; selected issues in the light of the literature studies<\/em><\/a>, Real Estate Management and Valuation, vol. 22, no. 4, pp. 17-26.<\/li>\n<\/ol>\n<p>&nbsp;<\/p>\n","protected":false},"excerpt":{"rendered":"<p>Zainteresowania badawcze: &#8211;&nbsp;&nbsp;&nbsp;&nbsp;&nbsp;&nbsp;&nbsp; Analiza rynku nieruchomo\u015bci, &#8211;&nbsp;&nbsp;&nbsp;&nbsp;&nbsp;&nbsp;&nbsp; Analiza catchment area, &#8211;&nbsp;&nbsp;&nbsp;&nbsp;&nbsp;&nbsp;&nbsp; Zarz\u0105dzanie warto\u015bci\u0105 nieruchomo\u015bci, &#8211;&nbsp;&nbsp;&nbsp;&nbsp;&nbsp;&nbsp;&nbsp; Ocena efektywno\u015bci inwestowania w nieruchomo\u015bci, &#8211;&nbsp;&nbsp;&nbsp;&nbsp;&nbsp;&nbsp;&nbsp; Marketing na rynku nieruchomo\u015bci, &#8211;&nbsp;&nbsp;&nbsp;&nbsp;&nbsp;&nbsp;&nbsp; Finanse osobiste i ekonomia behawioralna. Prowadzone wyk\u0142ady: &#8211;&nbsp;&nbsp;&nbsp;&nbsp;&nbsp;&nbsp;&nbsp; Analiza rynku nieruchomo\u015bci, &#8211;&nbsp;&nbsp;&nbsp;&nbsp;&nbsp;&nbsp;&nbsp; Zarz\u0105dzanie warto\u015bci\u0105 nieruchomo\u015bci, &#8211;&nbsp;&nbsp;&nbsp;&nbsp;&nbsp;&nbsp;&nbsp; Ocena efektywno\u015bci inwestowania w nieruchomo\u015bci, &#8211;&nbsp;&nbsp;&nbsp;&nbsp;&nbsp;&nbsp;&nbsp; Wycena nieruchomo\u015bci, &#8211;&nbsp;&nbsp;&nbsp;&nbsp;&nbsp;&nbsp;&nbsp; Zarz\u0105dzanie i po\u015brednictwo na [&hellip;]<\/p>\n","protected":false},"author":1,"featured_media":0,"parent":12,"menu_order":4,"comment_status":"closed","ping_status":"closed","template":"","meta":{"footnotes":""},"class_list":["post-100","page","type-page","status-publish","hentry"],"_links":{"self":[{"href":"https:\/\/katfin.ue.wroc.pl\/index.php\/wp-json\/wp\/v2\/pages\/100","targetHints":{"allow":["GET"]}}],"collection":[{"href":"https:\/\/katfin.ue.wroc.pl\/index.php\/wp-json\/wp\/v2\/pages"}],"about":[{"href":"https:\/\/katfin.ue.wroc.pl\/index.php\/wp-json\/wp\/v2\/types\/page"}],"author":[{"embeddable":true,"href":"https:\/\/katfin.ue.wroc.pl\/index.php\/wp-json\/wp\/v2\/users\/1"}],"replies":[{"embeddable":true,"href":"https:\/\/katfin.ue.wroc.pl\/index.php\/wp-json\/wp\/v2\/comments?post=100"}],"version-history":[{"count":11,"href":"https:\/\/katfin.ue.wroc.pl\/index.php\/wp-json\/wp\/v2\/pages\/100\/revisions"}],"predecessor-version":[{"id":2186,"href":"https:\/\/katfin.ue.wroc.pl\/index.php\/wp-json\/wp\/v2\/pages\/100\/revisions\/2186"}],"up":[{"embeddable":true,"href":"https:\/\/katfin.ue.wroc.pl\/index.php\/wp-json\/wp\/v2\/pages\/12"}],"wp:attachment":[{"href":"https:\/\/katfin.ue.wroc.pl\/index.php\/wp-json\/wp\/v2\/media?parent=100"}],"curies":[{"name":"wp","href":"https:\/\/api.w.org\/{rel}","templated":true}]}}