{"id":10,"date":"2013-10-20T20:41:27","date_gmt":"2013-10-20T18:41:27","guid":{"rendered":"http:\/\/katfin.ue.wroc.pl\/?page_id=10"},"modified":"2021-09-06T12:15:46","modified_gmt":"2021-09-06T10:15:46","slug":"o-katedrze","status":"publish","type":"page","link":"https:\/\/katfin.ue.wroc.pl\/","title":{"rendered":"O katedrze"},"content":{"rendered":"<p><span style=\"line-height: 1.5;\">Katedra Finans\u00f3w to mieszanka do\u015bwiadczenia z m\u0142odo\u015bci\u0105. Jedna z najstarszych katedr na Uniwersytecie Ekonomicznym we Wroc\u0142awiu.&nbsp;Od wielu lat z pasj\u0105 i pokor\u0105 podchodzimy do trudnej sztuki badania i nauczania finans\u00f3w.<\/span><\/p>\n<p>\u2022 jeste\u015bmy pr\u0119\u017cnie dzia\u0142aj\u0105cym, zgranym zespo\u0142em,<\/p>\n<p>\u2022 stawiamy na otwarto\u015b\u0107 i partnerskie relacje,<\/p>\n<p>\u2022 czerpiemy satysfakcj\u0119 z udanych wsp\u00f3lnych projekt\u00f3w,<\/p>\n<p>\u2022 ch\u0119tnie wsp\u00f3\u0142pracujemy z innymi katedrami, praktykami oraz innymi o\u015brodkami naukowymi na polu&nbsp;badawczym i dydaktycznym,<\/p>\n<p><span style=\"line-height: 1.5;\">\u2022 jeste\u015bmy innowacyjni, stale podnosimy nasze kwalifikacje i c<\/span>zerpiemy rado\u015b\u0107 z pracy,<\/p>\n<p><strong>Studentom oferujemy:<\/strong><\/p>\n<p>\u2022 nasz kapita\u0142 \u2013 wiedz\u0119,<\/p>\n<p>\u2022 nasze umiej\u0119tno\u015bci \u2013 stop\u0119 zwrotu,<\/p>\n<p>\u2022 mentoring &#8211; partnersk\u0105 relacj\u0119 opart\u0105 na wzajemnym szacunku.<\/p>\n<p><strong><span style=\"line-height: 1.5;\">Nasze motto:<\/span><\/strong><\/p>\n<p>\u201e<em>Je\u017celi nie potrafisz czego\u015b wyja\u015bni\u0107 w prosty spos\u00f3b, oznacza to, \u017ce tak naprawd\u0119 nie rozumiesz tego&nbsp;dostatecznie dobrze<\/em>\u201d (Einstein)<\/p>\n<p>&#8211;&gt;<\/p>\n","protected":false},"excerpt":{"rendered":"<p>Katedra Finans\u00f3w to mieszanka do\u015bwiadczenia z m\u0142odo\u015bci\u0105. Jedna z najstarszych katedr na Uniwersytecie Ekonomicznym we Wroc\u0142awiu.&nbsp;Od wielu lat z pasj\u0105 i pokor\u0105 podchodzimy do trudnej sztuki badania i nauczania finans\u00f3w. \u2022 jeste\u015bmy pr\u0119\u017cnie dzia\u0142aj\u0105cym, zgranym zespo\u0142em, \u2022 stawiamy na otwarto\u015b\u0107 i partnerskie relacje, \u2022 czerpiemy satysfakcj\u0119 z udanych wsp\u00f3lnych projekt\u00f3w, \u2022 ch\u0119tnie wsp\u00f3\u0142pracujemy z innymi [&hellip;]<\/p>\n","protected":false},"author":1,"featured_media":0,"parent":0,"menu_order":0,"comment_status":"closed","ping_status":"closed","template":"","meta":{"footnotes":""},"class_list":["post-10","page","type-page","status-publish","hentry"],"_links":{"self":[{"href":"https:\/\/katfin.ue.wroc.pl\/index.php\/wp-json\/wp\/v2\/pages\/10","targetHints":{"allow":["GET"]}}],"collection":[{"href":"https:\/\/katfin.ue.wroc.pl\/index.php\/wp-json\/wp\/v2\/pages"}],"about":[{"href":"https:\/\/katfin.ue.wroc.pl\/index.php\/wp-json\/wp\/v2\/types\/page"}],"author":[{"embeddable":true,"href":"https:\/\/katfin.ue.wroc.pl\/index.php\/wp-json\/wp\/v2\/users\/1"}],"replies":[{"embeddable":true,"href":"https:\/\/katfin.ue.wroc.pl\/index.php\/wp-json\/wp\/v2\/comments?post=10"}],"version-history":[{"count":21,"href":"https:\/\/katfin.ue.wroc.pl\/index.php\/wp-json\/wp\/v2\/pages\/10\/revisions"}],"predecessor-version":[{"id":2016,"href":"https:\/\/katfin.ue.wroc.pl\/index.php\/wp-json\/wp\/v2\/pages\/10\/revisions\/2016"}],"wp:attachment":[{"href":"https:\/\/katfin.ue.wroc.pl\/index.php\/wp-json\/wp\/v2\/media?parent=10"}],"curies":[{"name":"wp","href":"https:\/\/api.w.org\/{rel}","templated":true}]}}